{"id":143,"date":"2023-05-31T17:40:06","date_gmt":"2023-05-31T17:40:06","guid":{"rendered":"https:\/\/pgt-peru.com\/?page_id=143"},"modified":"2023-06-06T18:24:33","modified_gmt":"2023-06-06T18:24:33","slug":"nosotros","status":"publish","type":"page","link":"https:\/\/pgt-peru.com\/index.php\/nosotros\/","title":{"rendered":"NOSOTROS"},"content":{"rendered":"\n<div class=\"wp-block-media-text has-media-on-the-right is-stacked-on-mobile is-vertically-aligned-center has-intrace-accent-background-color has-background has-tiny-font-size\" style=\"grid-template-columns:auto 38%\"><div class=\"wp-block-media-text__content\">\n<div class=\"wp-block-group is-layout-flow wp-block-group-is-layout-flow\" style=\"padding-top:2em;padding-right:2em;padding-bottom:2em;padding-left:2em\">\n<p class=\"has-text-align-center\" style=\"font-size:36px;line-height:1.2\">\u00bfQui\u00e9nes somos?<\/p>\n\n\n\n<p><\/p>\n\n\n\n<p class=\"has-text-align-center\">Operador Log\u00edstico con m\u00e1s de 8 a\u00f1os de experiencia en el rubro de Comercio Exterior; dedicada a gestionar todo el proceso operativo y documentario de las operaciones de importaci\u00f3n y exportaci\u00f3n, buscamos brindar soluciones integradas a la medida de las necesidades de nuestros clientes.<\/p>\n<\/div>\n<\/div><figure class=\"wp-block-media-text__media\"><img loading=\"lazy\" decoding=\"async\" width=\"500\" height=\"500\" src=\"https:\/\/pgt-peru.com\/wp-content\/uploads\/2023\/06\/1.png\" alt=\"\" class=\"wp-image-174 size-full\" srcset=\"https:\/\/pgt-peru.com\/wp-content\/uploads\/2023\/06\/1.png 500w, https:\/\/pgt-peru.com\/wp-content\/uploads\/2023\/06\/1-300x300.png 300w, https:\/\/pgt-peru.com\/wp-content\/uploads\/2023\/06\/1-150x150.png 150w\" sizes=\"auto, (max-width: 500px) 100vw, 500px\" \/><\/figure><\/div>\n\n\n\n<div class=\"wp-block-columns is-style-default has-intrace-accent-background-color has-background has-tiny-font-size is-layout-flex wp-container-core-columns-is-layout-5c5cdacd wp-block-columns-is-layout-flex\" style=\"border-style:none;border-width:0px;padding-top:var(--wp--preset--spacing--20);padding-right:var(--wp--preset--spacing--20);padding-bottom:var(--wp--preset--spacing--20);padding-left:var(--wp--preset--spacing--20)\">\n<div class=\"wp-block-column has-intrace-accent-background-color has-background is-layout-flow wp-block-column-is-layout-flow\" style=\"flex-basis:50%\">\n<figure class=\"wp-block-image aligncenter size-large is-resized is-style-default\"><img loading=\"lazy\" decoding=\"async\" src=\"https:\/\/pgt-peru.com\/wp-content\/uploads\/2023\/05\/\u00a1LA-CASA-DE-TUS-SUENOS-1-1-724x1024.png\" alt=\"\" class=\"wp-image-86\" width=\"485\" height=\"686\" srcset=\"https:\/\/pgt-peru.com\/wp-content\/uploads\/2023\/05\/\u00a1LA-CASA-DE-TUS-SUENOS-1-1-724x1024.png 724w, https:\/\/pgt-peru.com\/wp-content\/uploads\/2023\/05\/\u00a1LA-CASA-DE-TUS-SUENOS-1-1-212x300.png 212w, https:\/\/pgt-peru.com\/wp-content\/uploads\/2023\/05\/\u00a1LA-CASA-DE-TUS-SUENOS-1-1-768x1086.png 768w, https:\/\/pgt-peru.com\/wp-content\/uploads\/2023\/05\/\u00a1LA-CASA-DE-TUS-SUENOS-1-1-1086x1536.png 1086w, https:\/\/pgt-peru.com\/wp-content\/uploads\/2023\/05\/\u00a1LA-CASA-DE-TUS-SUENOS-1-1.png 1414w\" sizes=\"auto, (max-width: 485px) 100vw, 485px\" \/><\/figure>\n<\/div>\n\n\n\n<div class=\"wp-block-column has-intrace-accent-background-color has-background is-layout-flow wp-block-column-is-layout-flow\" style=\"flex-basis:50%\">\n<div class=\"wp-block-group has-intrace-accent-background-color has-background is-layout-flow wp-block-group-is-layout-flow\" style=\"padding-top:2em;padding-right:2em;padding-bottom:2em;padding-left:2em\">\n<p class=\"has-text-align-center\" style=\"font-size:36px;line-height:1.2\">NOSOTROS<\/p>\n\n\n\n<p><\/p>\n\n\n\n<p class=\"has-text-align-center\">En PORT GLOBAL TRADE, nos especializamos en brindar soluciones log\u00edsticas personalizadas para empresas que requieren transportar mercanc\u00edas a nivel internacional. Contamos con una amplia red de socios y una experiencia s\u00f3lida en la industria, lo que nos permite ofrecer un servicio eficiente y confiable.<\/p>\n\n\n\n<p class=\"has-text-align-center\">Nuestro objetivo principal es facilitar y optimizar el proceso de env\u00edo de sus productos alrededor del mundo. Nos encargamos de coordinar y gestionar todos los aspectos relacionados con el transporte, aduanas y log\u00edstica, asegur\u00e1ndonos de que sus mercanc\u00edas lleguen de manera segura y puntual a su destino final.<\/p>\n\n\n\n<p class=\"has-text-align-center\">Adem\u00e1s, nos enorgullece ofrecer un servicio personalizado y adaptado a las necesidades de cada cliente. Entendemos que cada env\u00edo es \u00fanico y requiere una atenci\u00f3n especializada, por lo que nuestro equipo estar\u00e1 disponible para asesorarlo en cada paso del proceso y encontrar la mejor soluci\u00f3n log\u00edstica para su empresa.<\/p>\n\n\n\n<p class=\"has-text-align-center\"><\/p>\n<\/div>\n<\/div>\n<\/div>\n","protected":false},"excerpt":{"rendered":"<p>NOSOTROS En PORT GLOBAL TRADE, nos especializamos en brindar soluciones log\u00edsticas personalizadas para empresas que requieren transportar mercanc\u00edas a nivel internacional. Contamos con una amplia red de socios y una experiencia s\u00f3lida en la industria, lo que nos permite ofrecer un servicio eficiente y confiable. Nuestro objetivo principal es facilitar y optimizar el proceso de env\u00edo de sus productos alrededor del mundo. Nos encargamos de coordinar y gestionar todos los aspectos relacionados con el transporte, aduanas y log\u00edstica, asegur\u00e1ndonos de que sus mercanc\u00edas lleguen de manera segura y puntual a su destino final. Adem\u00e1s, nos enorgullece ofrecer un servicio personalizado<\/p>\n","protected":false},"author":1,"featured_media":0,"parent":0,"menu_order":0,"comment_status":"closed","ping_status":"closed","template":"","meta":{"_joinchat":[],"footnotes":""},"class_list":["post-143","page","type-page","status-publish","hentry"],"_links":{"self":[{"href":"https:\/\/pgt-peru.com\/index.php\/wp-json\/wp\/v2\/pages\/143","targetHints":{"allow":["GET"]}}],"collection":[{"href":"https:\/\/pgt-peru.com\/index.php\/wp-json\/wp\/v2\/pages"}],"about":[{"href":"https:\/\/pgt-peru.com\/index.php\/wp-json\/wp\/v2\/types\/page"}],"author":[{"embeddable":true,"href":"https:\/\/pgt-peru.com\/index.php\/wp-json\/wp\/v2\/users\/1"}],"replies":[{"embeddable":true,"href":"https:\/\/pgt-peru.com\/index.php\/wp-json\/wp\/v2\/comments?post=143"}],"version-history":[{"count":6,"href":"https:\/\/pgt-peru.com\/index.php\/wp-json\/wp\/v2\/pages\/143\/revisions"}],"predecessor-version":[{"id":185,"href":"https:\/\/pgt-peru.com\/index.php\/wp-json\/wp\/v2\/pages\/143\/revisions\/185"}],"wp:attachment":[{"href":"https:\/\/pgt-peru.com\/index.php\/wp-json\/wp\/v2\/media?parent=143"}],"curies":[{"name":"wp","href":"https:\/\/api.w.org\/{rel}","templated":true}]}}